{"id":52,"date":"2022-01-06T19:39:19","date_gmt":"2022-01-06T19:39:19","guid":{"rendered":"https:\/\/electronicos.webhs.org\/doularitafaleiro\/?page_id=52"},"modified":"2023-06-28T10:50:18","modified_gmt":"2023-06-28T10:50:18","slug":"pacotes-e-precos","status":"publish","type":"page","link":"https:\/\/www.doularitafaleiro.pt\/index.php\/pacotes-e-precos\/","title":{"rendered":"Pacotes e pre\u00e7os"},"content":{"rendered":"\n<p><\/p>\n\n\n\n<p>Aqui podes encontrar uma descri\u00e7\u00e3o sucinta dos diferentes pacotes pr\u00e9-estabelecidos que tenho para te oferecer.<\/p>\n\n\n\n<p><meta charset=\"utf-8\">Se tiveres alguma d\u00favida, ou quiseres construir o teu pacote de atendimento personalizado, n\u00e3o hesites em entrar em contacto comigo.<\/p>\n\n\n\n<p>Os valores de pagamento podem ser faseados em duas ou tr\u00eas vezes, ou de acordo com as necessidades espec\u00edficas de cada fam\u00edlia. Se tiveres algum problema, ou precisares de uma solu\u00e7\u00e3o diferente, fala comigo e junt@s resolveremos a quest\u00e3o.<\/p>\n\n\n\n<p><strong><em>Por uma quest\u00e3o de salvaguarda de ambas as partes, o acompanhamento s\u00f3 ser\u00e1 iniciado ap\u00f3s leitura, aceita\u00e7\u00e3o e assinatura do contrato.<\/em><\/strong><\/p>\n\n\n\n<div class=\"wp-block-columns is-layout-flex wp-container-core-columns-is-layout-9d6595d7 wp-block-columns-is-layout-flex\">\n<div class=\"wp-block-column is-layout-flow wp-block-column-is-layout-flow\" style=\"flex-basis:100%\">\n<div class=\"wp-block-columns is-layout-flex wp-container-core-columns-is-layout-9d6595d7 wp-block-columns-is-layout-flex\">\n<div class=\"wp-block-column is-layout-flow wp-block-column-is-layout-flow\" style=\"flex-basis:100%\">\n<figure class=\"wp-block-table is-style-stripes\"><table><tbody><tr><td><strong>Pacote<\/strong><\/td><td><strong>Descri\u00e7\u00e3o dos servi\u00e7os<\/strong><\/td><td><strong>Pre\u00e7o<\/strong><\/td><\/tr><tr><td>A<\/td><td>3 encontros<\/td><td>200\u20ac<\/td><\/tr><tr><td>B<\/td><td>5 encontros<\/td><td>250\u20ac<\/td><\/tr><tr><td>Parto 1<\/td><td>3 encontros + parto<\/td><td>450\u20ac<\/td><\/tr><tr><td>Parto 2<\/td><td>5 encontros + parto<\/td><td>500\u20ac<\/td><\/tr><tr><td>Completo 1<\/td><td>3 encontros + parto + 2 encontros p\u00f3s-parto<\/td><td>600\u20ac<\/td><\/tr><tr><td>Completo 2<\/td><td>5 encontros + parto + 2 encontros p\u00f3s-parto<\/td><td>650\u20ac<\/td><\/tr><tr><td>Parto<\/td><td>Acompanhamento no trabalho de parto e parto<\/td><td>300\u20ac<\/td><\/tr><tr><td>Parto + PP<\/td><td>Acompanhamento no trabalho de parto e parto + 2 visitas no p\u00f3s parto<\/td><td>350\u20ac<\/td><\/tr><\/tbody><\/table><\/figure>\n<\/div>\n<\/div>\n<\/div>\n<\/div>\n\n\n\n<figure class=\"wp-block-table\"><table><tbody><tr><td>SERVI\u00c7OS DE AMAMENTA\u00c7\u00c3O<\/td><td><\/td><\/tr><tr><td>Prepara\u00e7\u00e3o para a Amamenta\u00e7\u00e3o na gravidez<\/td><td>60\u20ac presencial, 45euros online<\/td><\/tr><tr><td>Sess\u00e3o p\u00f3s-nascimento<\/td><td>60\u20ac presencial, 45euros online<\/td><\/tr><tr><td>Sess\u00e3o de regresso ao trabalho<\/td><td>60\u20ac presencial, 45euros online<\/td><\/tr><\/tbody><\/table><\/figure>\n\n\n\n<p><\/p>\n","protected":false},"excerpt":{"rendered":"<p>Aqui podes encontrar uma descri\u00e7\u00e3o sucinta dos diferentes pacotes pr\u00e9-estabelecidos que tenho para te oferecer. Se tiveres alguma d\u00favida, ou quiseres construir o teu pacote de atendimento personalizado, n\u00e3o hesites em entrar em contacto comigo. Os valores de pagamento podem ser faseados em duas ou tr\u00eas vezes, ou de acordo com as necessidades espec\u00edficas de [&hellip;]<\/p>\n","protected":false},"author":1,"featured_media":281,"parent":0,"menu_order":0,"comment_status":"closed","ping_status":"closed","template":"","meta":{"footnotes":""},"class_list":["post-52","page","type-page","status-publish","has-post-thumbnail","hentry"],"yoast_head":"<!-- This site is optimized with the Yoast SEO plugin v27.3 - https:\/\/yoast.com\/product\/yoast-seo-wordpress\/ -->\n<title>Pacotes e pre\u00e7os - Doula Rita Faleiro<\/title>\n<meta name=\"robots\" content=\"index, follow, max-snippet:-1, max-image-preview:large, max-video-preview:-1\" \/>\n<link rel=\"canonical\" href=\"https:\/\/www.doularitafaleiro.pt\/index.php\/pacotes-e-precos\/\" \/>\n<meta property=\"og:locale\" content=\"pt_PT\" \/>\n<meta property=\"og:type\" content=\"article\" \/>\n<meta property=\"og:title\" content=\"Pacotes e pre\u00e7os - Doula Rita Faleiro\" \/>\n<meta property=\"og:description\" content=\"Aqui podes encontrar uma descri\u00e7\u00e3o sucinta dos diferentes pacotes pr\u00e9-estabelecidos que tenho para te oferecer. Se tiveres alguma d\u00favida, ou quiseres construir o teu pacote de atendimento personalizado, n\u00e3o hesites em entrar em contacto comigo. Os valores de pagamento podem ser faseados em duas ou tr\u00eas vezes, ou de acordo com as necessidades espec\u00edficas de [&hellip;]\" \/>\n<meta property=\"og:url\" content=\"https:\/\/www.doularitafaleiro.pt\/index.php\/pacotes-e-precos\/\" \/>\n<meta property=\"og:site_name\" content=\"Doula Rita Faleiro\" \/>\n<meta property=\"article:modified_time\" content=\"2023-06-28T10:50:18+00:00\" \/>\n<meta property=\"og:image\" content=\"https:\/\/www.doularitafaleiro.pt\/wp-content\/uploads\/2022\/01\/kelly-sikkema-WvVyudMd1Es-unsplash-scaled.jpeg\" \/>\n\t<meta property=\"og:image:width\" content=\"1707\" \/>\n\t<meta property=\"og:image:height\" content=\"2560\" \/>\n\t<meta property=\"og:image:type\" content=\"image\/jpeg\" \/>\n<meta name=\"twitter:card\" content=\"summary_large_image\" \/>\n<meta name=\"twitter:label1\" content=\"Tempo estimado de leitura\" \/>\n\t<meta name=\"twitter:data1\" content=\"2 minutos\" \/>\n<script type=\"application\/ld+json\" class=\"yoast-schema-graph\">{\"@context\":\"https:\\\/\\\/schema.org\",\"@graph\":[{\"@type\":\"WebPage\",\"@id\":\"https:\\\/\\\/www.doularitafaleiro.pt\\\/index.php\\\/pacotes-e-precos\\\/\",\"url\":\"https:\\\/\\\/www.doularitafaleiro.pt\\\/index.php\\\/pacotes-e-precos\\\/\",\"name\":\"Pacotes e pre\u00e7os - Doula Rita Faleiro\",\"isPartOf\":{\"@id\":\"https:\\\/\\\/www.doularitafaleiro.pt\\\/#website\"},\"primaryImageOfPage\":{\"@id\":\"https:\\\/\\\/www.doularitafaleiro.pt\\\/index.php\\\/pacotes-e-precos\\\/#primaryimage\"},\"image\":{\"@id\":\"https:\\\/\\\/www.doularitafaleiro.pt\\\/index.php\\\/pacotes-e-precos\\\/#primaryimage\"},\"thumbnailUrl\":\"https:\\\/\\\/www.doularitafaleiro.pt\\\/wp-content\\\/uploads\\\/2022\\\/01\\\/kelly-sikkema-WvVyudMd1Es-unsplash-scaled.jpeg\",\"datePublished\":\"2022-01-06T19:39:19+00:00\",\"dateModified\":\"2023-06-28T10:50:18+00:00\",\"breadcrumb\":{\"@id\":\"https:\\\/\\\/www.doularitafaleiro.pt\\\/index.php\\\/pacotes-e-precos\\\/#breadcrumb\"},\"inLanguage\":\"pt-PT\",\"potentialAction\":[{\"@type\":\"ReadAction\",\"target\":[\"https:\\\/\\\/www.doularitafaleiro.pt\\\/index.php\\\/pacotes-e-precos\\\/\"]}]},{\"@type\":\"ImageObject\",\"inLanguage\":\"pt-PT\",\"@id\":\"https:\\\/\\\/www.doularitafaleiro.pt\\\/index.php\\\/pacotes-e-precos\\\/#primaryimage\",\"url\":\"https:\\\/\\\/www.doularitafaleiro.pt\\\/wp-content\\\/uploads\\\/2022\\\/01\\\/kelly-sikkema-WvVyudMd1Es-unsplash-scaled.jpeg\",\"contentUrl\":\"https:\\\/\\\/www.doularitafaleiro.pt\\\/wp-content\\\/uploads\\\/2022\\\/01\\\/kelly-sikkema-WvVyudMd1Es-unsplash-scaled.jpeg\",\"width\":1707,\"height\":2560},{\"@type\":\"BreadcrumbList\",\"@id\":\"https:\\\/\\\/www.doularitafaleiro.pt\\\/index.php\\\/pacotes-e-precos\\\/#breadcrumb\",\"itemListElement\":[{\"@type\":\"ListItem\",\"position\":1,\"name\":\"In\u00edcio\",\"item\":\"https:\\\/\\\/www.doularitafaleiro.pt\\\/\"},{\"@type\":\"ListItem\",\"position\":2,\"name\":\"Pacotes e pre\u00e7os\"}]},{\"@type\":\"WebSite\",\"@id\":\"https:\\\/\\\/www.doularitafaleiro.pt\\\/#website\",\"url\":\"https:\\\/\\\/www.doularitafaleiro.pt\\\/\",\"name\":\"Doula Rita Faleiro\",\"description\":\"\",\"potentialAction\":[{\"@type\":\"SearchAction\",\"target\":{\"@type\":\"EntryPoint\",\"urlTemplate\":\"https:\\\/\\\/www.doularitafaleiro.pt\\\/?s={search_term_string}\"},\"query-input\":{\"@type\":\"PropertyValueSpecification\",\"valueRequired\":true,\"valueName\":\"search_term_string\"}}],\"inLanguage\":\"pt-PT\"}]}<\/script>\n<!-- \/ Yoast SEO plugin. -->","yoast_head_json":{"title":"Pacotes e pre\u00e7os - Doula Rita Faleiro","robots":{"index":"index","follow":"follow","max-snippet":"max-snippet:-1","max-image-preview":"max-image-preview:large","max-video-preview":"max-video-preview:-1"},"canonical":"https:\/\/www.doularitafaleiro.pt\/index.php\/pacotes-e-precos\/","og_locale":"pt_PT","og_type":"article","og_title":"Pacotes e pre\u00e7os - Doula Rita Faleiro","og_description":"Aqui podes encontrar uma descri\u00e7\u00e3o sucinta dos diferentes pacotes pr\u00e9-estabelecidos que tenho para te oferecer. Se tiveres alguma d\u00favida, ou quiseres construir o teu pacote de atendimento personalizado, n\u00e3o hesites em entrar em contacto comigo. Os valores de pagamento podem ser faseados em duas ou tr\u00eas vezes, ou de acordo com as necessidades espec\u00edficas de [&hellip;]","og_url":"https:\/\/www.doularitafaleiro.pt\/index.php\/pacotes-e-precos\/","og_site_name":"Doula Rita Faleiro","article_modified_time":"2023-06-28T10:50:18+00:00","og_image":[{"width":1707,"height":2560,"url":"https:\/\/www.doularitafaleiro.pt\/wp-content\/uploads\/2022\/01\/kelly-sikkema-WvVyudMd1Es-unsplash-scaled.jpeg","type":"image\/jpeg"}],"twitter_card":"summary_large_image","twitter_misc":{"Tempo estimado de leitura":"2 minutos"},"schema":{"@context":"https:\/\/schema.org","@graph":[{"@type":"WebPage","@id":"https:\/\/www.doularitafaleiro.pt\/index.php\/pacotes-e-precos\/","url":"https:\/\/www.doularitafaleiro.pt\/index.php\/pacotes-e-precos\/","name":"Pacotes e pre\u00e7os - Doula Rita Faleiro","isPartOf":{"@id":"https:\/\/www.doularitafaleiro.pt\/#website"},"primaryImageOfPage":{"@id":"https:\/\/www.doularitafaleiro.pt\/index.php\/pacotes-e-precos\/#primaryimage"},"image":{"@id":"https:\/\/www.doularitafaleiro.pt\/index.php\/pacotes-e-precos\/#primaryimage"},"thumbnailUrl":"https:\/\/www.doularitafaleiro.pt\/wp-content\/uploads\/2022\/01\/kelly-sikkema-WvVyudMd1Es-unsplash-scaled.jpeg","datePublished":"2022-01-06T19:39:19+00:00","dateModified":"2023-06-28T10:50:18+00:00","breadcrumb":{"@id":"https:\/\/www.doularitafaleiro.pt\/index.php\/pacotes-e-precos\/#breadcrumb"},"inLanguage":"pt-PT","potentialAction":[{"@type":"ReadAction","target":["https:\/\/www.doularitafaleiro.pt\/index.php\/pacotes-e-precos\/"]}]},{"@type":"ImageObject","inLanguage":"pt-PT","@id":"https:\/\/www.doularitafaleiro.pt\/index.php\/pacotes-e-precos\/#primaryimage","url":"https:\/\/www.doularitafaleiro.pt\/wp-content\/uploads\/2022\/01\/kelly-sikkema-WvVyudMd1Es-unsplash-scaled.jpeg","contentUrl":"https:\/\/www.doularitafaleiro.pt\/wp-content\/uploads\/2022\/01\/kelly-sikkema-WvVyudMd1Es-unsplash-scaled.jpeg","width":1707,"height":2560},{"@type":"BreadcrumbList","@id":"https:\/\/www.doularitafaleiro.pt\/index.php\/pacotes-e-precos\/#breadcrumb","itemListElement":[{"@type":"ListItem","position":1,"name":"In\u00edcio","item":"https:\/\/www.doularitafaleiro.pt\/"},{"@type":"ListItem","position":2,"name":"Pacotes e pre\u00e7os"}]},{"@type":"WebSite","@id":"https:\/\/www.doularitafaleiro.pt\/#website","url":"https:\/\/www.doularitafaleiro.pt\/","name":"Doula Rita Faleiro","description":"","potentialAction":[{"@type":"SearchAction","target":{"@type":"EntryPoint","urlTemplate":"https:\/\/www.doularitafaleiro.pt\/?s={search_term_string}"},"query-input":{"@type":"PropertyValueSpecification","valueRequired":true,"valueName":"search_term_string"}}],"inLanguage":"pt-PT"}]}},"_links":{"self":[{"href":"https:\/\/www.doularitafaleiro.pt\/index.php\/wp-json\/wp\/v2\/pages\/52","targetHints":{"allow":["GET"]}}],"collection":[{"href":"https:\/\/www.doularitafaleiro.pt\/index.php\/wp-json\/wp\/v2\/pages"}],"about":[{"href":"https:\/\/www.doularitafaleiro.pt\/index.php\/wp-json\/wp\/v2\/types\/page"}],"author":[{"embeddable":true,"href":"https:\/\/www.doularitafaleiro.pt\/index.php\/wp-json\/wp\/v2\/users\/1"}],"replies":[{"embeddable":true,"href":"https:\/\/www.doularitafaleiro.pt\/index.php\/wp-json\/wp\/v2\/comments?post=52"}],"version-history":[{"count":11,"href":"https:\/\/www.doularitafaleiro.pt\/index.php\/wp-json\/wp\/v2\/pages\/52\/revisions"}],"predecessor-version":[{"id":504,"href":"https:\/\/www.doularitafaleiro.pt\/index.php\/wp-json\/wp\/v2\/pages\/52\/revisions\/504"}],"wp:featuredmedia":[{"embeddable":true,"href":"https:\/\/www.doularitafaleiro.pt\/index.php\/wp-json\/wp\/v2\/media\/281"}],"wp:attachment":[{"href":"https:\/\/www.doularitafaleiro.pt\/index.php\/wp-json\/wp\/v2\/media?parent=52"}],"curies":[{"name":"wp","href":"https:\/\/api.w.org\/{rel}","templated":true}]}}