{"id":336,"date":"2022-01-12T14:42:26","date_gmt":"2022-01-12T14:42:26","guid":{"rendered":"https:\/\/www.doularitafaleiro.pt\/?page_id=336"},"modified":"2022-01-13T22:27:34","modified_gmt":"2022-01-13T22:27:34","slug":"faq","status":"publish","type":"page","link":"https:\/\/www.doularitafaleiro.pt\/index.php\/faq\/","title":{"rendered":"FAQ"},"content":{"rendered":"\n<p>Tens algumas perguntas mais espec\u00edficas sobre este assunto?<\/p>\n\n\n\n<p>H\u00e1 algo mais, que n\u00e3o esteja aqui colocado, que queiras ver respondido?<\/p>\n\n\n\n<p>Fiz um pequeno resumo de algumas perguntas que considero importantes ver respondidas; por\u00e9m, est\u00e1s sempre \u00e0 vontade para entrares em contacto comigo se tiveres alguma outra d\u00favida<\/p>\n\n\n\n<p><\/p>\n\n\n\t\t\t\t\t\t\t<h3 style=\"margin-bottom:20px;display:block;width:100%;margin-top:10px\"> <\/h3>\r\n\t\t\t\t\t\t<style>\r\n\t\t\t\t<style>\r\n#wpsm_accordion_340 .wpsm_panel-heading{\r\n\tpadding:0px !important;\r\n}\r\n#wpsm_accordion_340 .wpsm_panel-title {\r\n\tmargin:0px !important; \r\n\ttext-transform:none !important;\r\n\tline-height: 1 !important;\r\n}\r\n#wpsm_accordion_340 .wpsm_panel-title a{\r\n\ttext-decoration:none;\r\n\toverflow:hidden;\r\n\tdisplay:block;\r\n\tpadding:0px;\r\n\tfont-size: 18px !important;\r\n\tfont-family: Open Sans !important;\r\n\tcolor:#000000 !important;\r\n\tborder-bottom:0px !important;\r\n}\r\n\r\n#wpsm_accordion_340 .wpsm_panel-title a:focus {\r\noutline: 0px !important;\r\n}\r\n\r\n#wpsm_accordion_340 .wpsm_panel-title a:hover, #wpsm_accordion_340 .wpsm_panel-title a:focus {\r\n\tcolor:#000000 !important;\r\n}\r\n#wpsm_accordion_340 .acc-a{\r\n\tcolor: #000000 !important;\r\n\tbackground-color:#e8e8e8 !important;\r\n\tborder-color: #ddd;\r\n}\r\n#wpsm_accordion_340 .wpsm_panel-default > .wpsm_panel-heading{\r\n\tcolor: #000000 !important;\r\n\tbackground-color: #e8e8e8 !important;\r\n\tborder-color: #e8e8e8 !important;\r\n\tborder-top-left-radius: 0px;\r\n\tborder-top-right-radius: 0px;\r\n}\r\n#wpsm_accordion_340 .wpsm_panel-default {\r\n\t\tborder:1px solid transparent !important;\r\n\t}\r\n#wpsm_accordion_340 {\r\n\tmargin-bottom: 20px;\r\n\toverflow: hidden;\r\n\tfloat: none;\r\n\twidth: 100%;\r\n\tdisplay: block;\r\n}\r\n#wpsm_accordion_340 .ac_title_class{\r\n\tdisplay: block;\r\n\tpadding-top: 12px;\r\n\tpadding-bottom: 12px;\r\n\tpadding-left: 15px;\r\n\tpadding-right: 15px;\r\n}\r\n#wpsm_accordion_340  .wpsm_panel {\r\n\toverflow:hidden;\r\n\t-webkit-box-shadow: 0 0px 0px rgba(0, 0, 0, .05);\r\n\tbox-shadow: 0 0px 0px rgba(0, 0, 0, .05);\r\n\t\tborder-radius: 4px;\r\n\t}\r\n#wpsm_accordion_340  .wpsm_panel + .wpsm_panel {\r\n\t\tmargin-top: 5px;\r\n\t}\r\n#wpsm_accordion_340  .wpsm_panel-body{\r\n\tbackground-color:#ffffff !important;\r\n\tcolor:#000000 !important;\r\n\tborder-top-color: #e8e8e8 !important;\r\n\tfont-size:16px !important;\r\n\tfont-family: Open Sans !important;\r\n\toverflow: hidden;\r\n\t\tborder: 2px solid #e8e8e8 !important;\r\n\t}\r\n\r\n#wpsm_accordion_340 .ac_open_cl_icon{\r\n\tbackground-color:#e8e8e8 !important;\r\n\tcolor: #000000 !important;\r\n\tfloat:right !important;\r\n\tpadding-top: 12px !important;\r\n\tpadding-bottom: 12px !important;\r\n\tline-height: 1.0 !important;\r\n\tpadding-left: 15px !important;\r\n\tpadding-right: 15px !important;\r\n\tdisplay: inline-block !important;\r\n}\r\n\r\n\t\t\t\r\n\t\t\t<\/style>\t\r\n\t\t\t<\/style>\r\n\t\t\t<div class=\"wpsm_panel-group\" id=\"wpsm_accordion_340\" >\r\n\t\t\t\t\t\t\t\t\r\n\t\t\t\t\t<!-- Inner panel Start -->\r\n\t\t\t\t\t<div class=\"wpsm_panel wpsm_panel-default\">\r\n\t\t\t\t\t\t<div class=\"wpsm_panel-heading\" role=\"tab\" >\r\n\t\t\t\t\t\t  <h4 class=\"wpsm_panel-title\">\r\n\t\t\t\t\t\t\t<a  class=\"\"  data-toggle=\"collapse\" data-parent=\"#wpsm_accordion_340 \" href=\"javascript:void(0)\" data-target=\"#ac_340_collapse1\" onclick=\"do_resize()\">\r\n\t\t\t\t\t\t\t\t\t\t\t\t\t\t\t\t\t<span class=\"ac_open_cl_icon fa fa-plus\"><\/span>\r\n\t\t\t\t\t\t\t\t\t\r\n\t\t\t\t\t\t\t\t \r\n\t\t\t\t\t\t\t\t<span class=\"ac_title_class\">\r\n\t\t\t\t\t\t\t\t\t\t\t\t\t\t\t\t\t\t\t\t<span style=\"margin-right:6px;\" class=\"fa fa-angle-down\"><\/span>\r\n\t\t\t\t\t\t\t\t\tO que \u00e9 uma doula?\t\t\t\t\t\t\t\t<\/span>\r\n\t\t\t\t\t\t\t<\/a>\r\n\t\t\t\t\t\t  <\/h4>\r\n\t\t\t\t\t\t<\/div>\r\n\t\t\t\t\t\t<div id=\"ac_340_collapse1\" class=\"wpsm_panel-collapse collapse \"  >\r\n\t\t\t\t\t\t  <div class=\"wpsm_panel-body\">\r\n\t\t\t\t\t\t\t<!-- wp:paragraph -->\r\n<p>Uma doula \u00e9 uma pessoa que est\u00e1 dispon\u00edvel para fornecer apoio emocional e f\u00edsico durante a gravidez, o parto e o p\u00f3s-parto. A palavra tem origem no termo grego cl\u00e1ssico \u03b4\u03bf\u03cd\u03bb\u03b7 e significa literalmente \"mulher que serve\". <\/p>\r\n<!-- \/wp:paragraph -->\r\n\r\n<!-- wp:paragraph -->\r\n<p>Serve a gr\u00e1vida, serve o casal. Ouve. Acolhe sem julgamentos. Por isso, coloca a gr\u00e1vida no centro das tomadas de decis\u00e3o, e compromete-se a facilitar informa\u00e7\u00e3o sobre os diversos assuntos relacionados com a gesta\u00e7\u00e3o, com o parto, com o p\u00f3s-parto, informa\u00e7\u00e3o esta baseada nas \u00faltimas evid\u00eancias cient\u00edficas e, portanto, actualizada.<\/p>\r\n<!-- \/wp:paragraph -->\t\t\t\t\t\t  <\/div>\r\n\t\t\t\t\t\t<\/div>\r\n\t\t\t\t\t<\/div>\r\n\t\t\t\t\t<!-- Inner panel End -->\r\n\t\t\t\t\t\r\n\t\t\t\t\t\t\t\t\r\n\t\t\t\t\t<!-- Inner panel Start -->\r\n\t\t\t\t\t<div class=\"wpsm_panel wpsm_panel-default\">\r\n\t\t\t\t\t\t<div class=\"wpsm_panel-heading\" role=\"tab\" >\r\n\t\t\t\t\t\t  <h4 class=\"wpsm_panel-title\">\r\n\t\t\t\t\t\t\t<a  class=\"collapsed\"  data-toggle=\"collapse\" data-parent=\"#wpsm_accordion_340 \" href=\"javascript:void(0)\" data-target=\"#ac_340_collapse2\" onclick=\"do_resize()\">\r\n\t\t\t\t\t\t\t\t\t\t\t\t\t\t\t\t\t<span class=\"ac_open_cl_icon fa fa-plus\"><\/span>\r\n\t\t\t\t\t\t\t\t\t\r\n\t\t\t\t\t\t\t\t \r\n\t\t\t\t\t\t\t\t<span class=\"ac_title_class\">\r\n\t\t\t\t\t\t\t\t\t\t\t\t\t\t\t\t\t\t\t\t<span style=\"margin-right:6px;\" class=\"fa fa-angle-down\"><\/span>\r\n\t\t\t\t\t\t\t\t\tQualquer pessoa pode ser doula?\t\t\t\t\t\t\t\t<\/span>\r\n\t\t\t\t\t\t\t<\/a>\r\n\t\t\t\t\t\t  <\/h4>\r\n\t\t\t\t\t\t<\/div>\r\n\t\t\t\t\t\t<div id=\"ac_340_collapse2\" class=\"wpsm_panel-collapse collapse \"  >\r\n\t\t\t\t\t\t  <div class=\"wpsm_panel-body\">\r\n\t\t\t\t\t\t\tSim. H\u00e1 muitos cursos de forma\u00e7\u00e3o de doula, que est\u00e3o acess\u00edveis a todos.  \t\t\t\t\t\t  <\/div>\r\n\t\t\t\t\t\t<\/div>\r\n\t\t\t\t\t<\/div>\r\n\t\t\t\t\t<!-- Inner panel End -->\r\n\t\t\t\t\t\r\n\t\t\t\t\t\t\t\t\r\n\t\t\t\t\t<!-- Inner panel Start -->\r\n\t\t\t\t\t<div class=\"wpsm_panel wpsm_panel-default\">\r\n\t\t\t\t\t\t<div class=\"wpsm_panel-heading\" role=\"tab\" >\r\n\t\t\t\t\t\t  <h4 class=\"wpsm_panel-title\">\r\n\t\t\t\t\t\t\t<a  class=\"collapsed\"  data-toggle=\"collapse\" data-parent=\"#wpsm_accordion_340 \" href=\"javascript:void(0)\" data-target=\"#ac_340_collapse3\" onclick=\"do_resize()\">\r\n\t\t\t\t\t\t\t\t\t\t\t\t\t\t\t\t\t<span class=\"ac_open_cl_icon fa fa-plus\"><\/span>\r\n\t\t\t\t\t\t\t\t\t\r\n\t\t\t\t\t\t\t\t \r\n\t\t\t\t\t\t\t\t<span class=\"ac_title_class\">\r\n\t\t\t\t\t\t\t\t\t\t\t\t\t\t\t\t\t\t\t\t<span style=\"margin-right:6px;\" class=\"fa fa-angle-down\"><\/span>\r\n\t\t\t\t\t\t\t\t\tO que faz uma doula?\t\t\t\t\t\t\t\t<\/span>\r\n\t\t\t\t\t\t\t<\/a>\r\n\t\t\t\t\t\t  <\/h4>\r\n\t\t\t\t\t\t<\/div>\r\n\t\t\t\t\t\t<div id=\"ac_340_collapse3\" class=\"wpsm_panel-collapse collapse \"  >\r\n\t\t\t\t\t\t  <div class=\"wpsm_panel-body\">\r\n\t\t\t\t\t\t\tAcima de tudo presta informa\u00e7\u00e3o. Acolhe as d\u00favidas. Valida as decis\u00f5es. Pode utilizar t\u00e9cnicas complementares como por exemplo massagens, pontos de acupress\u00e3o, t\u00e9cnica de rebozo, t\u00e9cnicas de medita\u00e7\u00e3o, aromaterapia... Cada doula tem as suas ferramentas de trabalho e a sua abordagem, pelo que h\u00e1 uma doula para cada mulher.\r\nA doula ajuda a mulher - e o casal - a estarem no centro das decis\u00f5es que querem tomar para a sua gravidez e para o seu parto. \t\t\t\t\t\t  <\/div>\r\n\t\t\t\t\t\t<\/div>\r\n\t\t\t\t\t<\/div>\r\n\t\t\t\t\t<!-- Inner panel End -->\r\n\t\t\t\t\t\r\n\t\t\t\t\t\t\t\t\r\n\t\t\t\t\t<!-- Inner panel Start -->\r\n\t\t\t\t\t<div class=\"wpsm_panel wpsm_panel-default\">\r\n\t\t\t\t\t\t<div class=\"wpsm_panel-heading\" role=\"tab\" >\r\n\t\t\t\t\t\t  <h4 class=\"wpsm_panel-title\">\r\n\t\t\t\t\t\t\t<a  class=\"collapsed\"  data-toggle=\"collapse\" data-parent=\"#wpsm_accordion_340 \" href=\"javascript:void(0)\" data-target=\"#ac_340_collapse4\" onclick=\"do_resize()\">\r\n\t\t\t\t\t\t\t\t\t\t\t\t\t\t\t\t\t<span class=\"ac_open_cl_icon fa fa-plus\"><\/span>\r\n\t\t\t\t\t\t\t\t\t\r\n\t\t\t\t\t\t\t\t \r\n\t\t\t\t\t\t\t\t<span class=\"ac_title_class\">\r\n\t\t\t\t\t\t\t\t\t\t\t\t\t\t\t\t\t\t\t\t<span style=\"margin-right:6px;\" class=\"fa fa-angle-down\"><\/span>\r\n\t\t\t\t\t\t\t\t\tUma doula pode sobrepor-se a um profissional de sa\u00fade?\t\t\t\t\t\t\t\t<\/span>\r\n\t\t\t\t\t\t\t<\/a>\r\n\t\t\t\t\t\t  <\/h4>\r\n\t\t\t\t\t\t<\/div>\r\n\t\t\t\t\t\t<div id=\"ac_340_collapse4\" class=\"wpsm_panel-collapse collapse \"  >\r\n\t\t\t\t\t\t  <div class=\"wpsm_panel-body\">\r\n\t\t\t\t\t\t\tN\u00e3o. Uma doula n\u00e3o pode nunca realizar qualquer procedimento de sa\u00fade na gravidez; como tal, n\u00e3o mede tens\u00e3o, n\u00e3o efectua toques, n\u00e3o avalia dilata\u00e7\u00e3o, n\u00e3o prescreve medica\u00e7\u00e3o, n\u00e3o aconselha procedimentos. \t\t\t\t\t\t  <\/div>\r\n\t\t\t\t\t\t<\/div>\r\n\t\t\t\t\t<\/div>\r\n\t\t\t\t\t<!-- Inner panel End -->\r\n\t\t\t\t\t\r\n\t\t\t\t\t\t\t\t\r\n\t\t\t\t\t<!-- Inner panel Start -->\r\n\t\t\t\t\t<div class=\"wpsm_panel wpsm_panel-default\">\r\n\t\t\t\t\t\t<div class=\"wpsm_panel-heading\" role=\"tab\" >\r\n\t\t\t\t\t\t  <h4 class=\"wpsm_panel-title\">\r\n\t\t\t\t\t\t\t<a  class=\"collapsed\"  data-toggle=\"collapse\" data-parent=\"#wpsm_accordion_340 \" href=\"javascript:void(0)\" data-target=\"#ac_340_collapse5\" onclick=\"do_resize()\">\r\n\t\t\t\t\t\t\t\t\t\t\t\t\t\t\t\t\t<span class=\"ac_open_cl_icon fa fa-plus\"><\/span>\r\n\t\t\t\t\t\t\t\t\t\r\n\t\t\t\t\t\t\t\t \r\n\t\t\t\t\t\t\t\t<span class=\"ac_title_class\">\r\n\t\t\t\t\t\t\t\t\t\t\t\t\t\t\t\t\t\t\t\t<span style=\"margin-right:6px;\" class=\"fa fa-angle-down\"><\/span>\r\n\t\t\t\t\t\t\t\t\tUma doula assiste partos hospitalares?\t\t\t\t\t\t\t\t<\/span>\r\n\t\t\t\t\t\t\t<\/a>\r\n\t\t\t\t\t\t  <\/h4>\r\n\t\t\t\t\t\t<\/div>\r\n\t\t\t\t\t\t<div id=\"ac_340_collapse5\" class=\"wpsm_panel-collapse collapse \"  >\r\n\t\t\t\t\t\t  <div class=\"wpsm_panel-body\">\r\n\t\t\t\t\t\t\tSim, se for o desejo da mulher\/casal. Actualmente, na pandemia, o acompanhamento hospitalar tem que se revestir de outras estrat\u00e9gias (via telem\u00e1tica por exemplo)\t\t\t\t\t\t  <\/div>\r\n\t\t\t\t\t\t<\/div>\r\n\t\t\t\t\t<\/div>\r\n\t\t\t\t\t<!-- Inner panel End -->\r\n\t\t\t\t\t\r\n\t\t\t\t\t\t\t\t\r\n\t\t\t\t\t<!-- Inner panel Start -->\r\n\t\t\t\t\t<div class=\"wpsm_panel wpsm_panel-default\">\r\n\t\t\t\t\t\t<div class=\"wpsm_panel-heading\" role=\"tab\" >\r\n\t\t\t\t\t\t  <h4 class=\"wpsm_panel-title\">\r\n\t\t\t\t\t\t\t<a  class=\"collapsed\"  data-toggle=\"collapse\" data-parent=\"#wpsm_accordion_340 \" href=\"javascript:void(0)\" data-target=\"#ac_340_collapse6\" onclick=\"do_resize()\">\r\n\t\t\t\t\t\t\t\t\t\t\t\t\t\t\t\t\t<span class=\"ac_open_cl_icon fa fa-plus\"><\/span>\r\n\t\t\t\t\t\t\t\t\t\r\n\t\t\t\t\t\t\t\t \r\n\t\t\t\t\t\t\t\t<span class=\"ac_title_class\">\r\n\t\t\t\t\t\t\t\t\t\t\t\t\t\t\t\t\t\t\t\t<span style=\"margin-right:6px;\" class=\"fa fa-angle-down\"><\/span>\r\n\t\t\t\t\t\t\t\t\tQuais s\u00e3o os benef\u00edcios de ter uma doula?\t\t\t\t\t\t\t\t<\/span>\r\n\t\t\t\t\t\t\t<\/a>\r\n\t\t\t\t\t\t  <\/h4>\r\n\t\t\t\t\t\t<\/div>\r\n\t\t\t\t\t\t<div id=\"ac_340_collapse6\" class=\"wpsm_panel-collapse collapse \"  >\r\n\t\t\t\t\t\t  <div class=\"wpsm_panel-body\">\r\n\t\t\t\t\t\t\tOs v\u00e1rios estudos t\u00eam provado as doulas aportam todo um conjunto de benef\u00edcios. Resumindo, podemos apontar os seguintes:\r\n - Seguran\u00e7a\r\n - Confian\u00e7a\r\n - Relaxamento\r\n - Suporte e apoio emocional\r\n - Suporte e apoio f\u00edsico\r\n - Informa\u00e7\u00e3o actualizada baseada em evid\u00eancias cient\u00edficas\r\n - Redu\u00e7\u00e3o do stress e da ansiedade\r\n - Aumento da possibilidade de parto vaginal\r\n - Redu\u00e7\u00e3o do n\u00edvel de cesarianas\r\n - Redu\u00e7\u00e3o da probabilidade de uso de analgesia, f\u00f3rceps ou ventosas\r\n - Apoio \u00e0s decis\u00f5es e empoderamento da mulher e do casal\r\n - Elo de comunica\u00e7\u00e3o entre equipa m\u00e9dica e parturiente\t\t\t\t\t\t  <\/div>\r\n\t\t\t\t\t\t<\/div>\r\n\t\t\t\t\t<\/div>\r\n\t\t\t\t\t<!-- Inner panel End -->\r\n\t\t\t\t\t\r\n\t\t\t\t\t\t\t\t\r\n\t\t\t\t\t<!-- Inner panel Start -->\r\n\t\t\t\t\t<div class=\"wpsm_panel wpsm_panel-default\">\r\n\t\t\t\t\t\t<div class=\"wpsm_panel-heading\" role=\"tab\" >\r\n\t\t\t\t\t\t  <h4 class=\"wpsm_panel-title\">\r\n\t\t\t\t\t\t\t<a  class=\"collapsed\"  data-toggle=\"collapse\" data-parent=\"#wpsm_accordion_340 \" href=\"javascript:void(0)\" data-target=\"#ac_340_collapse7\" onclick=\"do_resize()\">\r\n\t\t\t\t\t\t\t\t\t\t\t\t\t\t\t\t\t<span class=\"ac_open_cl_icon fa fa-plus\"><\/span>\r\n\t\t\t\t\t\t\t\t\t\r\n\t\t\t\t\t\t\t\t \r\n\t\t\t\t\t\t\t\t<span class=\"ac_title_class\">\r\n\t\t\t\t\t\t\t\t\t\t\t\t\t\t\t\t\t\t\t\t<span style=\"margin-right:6px;\" class=\"fa fa-angle-down\"><\/span>\r\n\t\t\t\t\t\t\t\t\tPretendo ter um parto domiciliar. Posso ter acompanhamento de uma doula?\t\t\t\t\t\t\t\t<\/span>\r\n\t\t\t\t\t\t\t<\/a>\r\n\t\t\t\t\t\t  <\/h4>\r\n\t\t\t\t\t\t<\/div>\r\n\t\t\t\t\t\t<div id=\"ac_340_collapse7\" class=\"wpsm_panel-collapse collapse \"  >\r\n\t\t\t\t\t\t  <div class=\"wpsm_panel-body\">\r\n\t\t\t\t\t\t\tSim. \r\nPor\u00e9m, alguns crit\u00e9rios t\u00eam que estar definidos \u00e0 partida. Assim, dever\u00e1 ser uma gravidez de baixo risco e nunca desassistida. \t\t\t\t\t\t  <\/div>\r\n\t\t\t\t\t\t<\/div>\r\n\t\t\t\t\t<\/div>\r\n\t\t\t\t\t<!-- Inner panel End -->\r\n\t\t\t\t\t\r\n\t\t\t\t\t\t\t\t\r\n\t\t\t\t\t<!-- Inner panel Start -->\r\n\t\t\t\t\t<div class=\"wpsm_panel wpsm_panel-default\">\r\n\t\t\t\t\t\t<div class=\"wpsm_panel-heading\" role=\"tab\" >\r\n\t\t\t\t\t\t  <h4 class=\"wpsm_panel-title\">\r\n\t\t\t\t\t\t\t<a  class=\"collapsed\"  data-toggle=\"collapse\" data-parent=\"#wpsm_accordion_340 \" href=\"javascript:void(0)\" data-target=\"#ac_340_collapse8\" onclick=\"do_resize()\">\r\n\t\t\t\t\t\t\t\t\t\t\t\t\t\t\t\t\t<span class=\"ac_open_cl_icon fa fa-plus\"><\/span>\r\n\t\t\t\t\t\t\t\t\t\r\n\t\t\t\t\t\t\t\t \r\n\t\t\t\t\t\t\t\t<span class=\"ac_title_class\">\r\n\t\t\t\t\t\t\t\t\t\t\t\t\t\t\t\t\t\t\t\t<span style=\"margin-right:6px;\" class=\"fa fa-angle-down\"><\/span>\r\n\t\t\t\t\t\t\t\t\tAs doulas t\u00eam todas a mesma abordagem?\t\t\t\t\t\t\t\t<\/span>\r\n\t\t\t\t\t\t\t<\/a>\r\n\t\t\t\t\t\t  <\/h4>\r\n\t\t\t\t\t\t<\/div>\r\n\t\t\t\t\t\t<div id=\"ac_340_collapse8\" class=\"wpsm_panel-collapse collapse \"  >\r\n\t\t\t\t\t\t  <div class=\"wpsm_panel-body\">\r\n\t\t\t\t\t\t\tN\u00e3o. \r\nH\u00e1 doulas mais hol\u00edsticas, doulas mais factuais, doulas que utilizam t\u00e9cnicas complementares como reiki, hipnose, acupress\u00e3o. \r\nH\u00e1 doulas que utilizam aromaterapia, h\u00e1 doulas que trabalham com rebozo, h\u00e1 doulas que fazem o fechamento do parto, doulas que se especializam num determinado aspecto do atendimento.\r\nNa verdade, h\u00e1 uma doula correcta para cada mulher, que vai ao encontro das suas expectativas, desejos, necessidades, e com quem a mulher estabelece uma rela\u00e7\u00e3o de empatia. \t\t\t\t\t\t  <\/div>\r\n\t\t\t\t\t\t<\/div>\r\n\t\t\t\t\t<\/div>\r\n\t\t\t\t\t<!-- Inner panel End -->\r\n\t\t\t\t\t\r\n\t\t\t\t\t\t\t<\/div>\r\n\t\t\t\r\n<script type=\"text\/javascript\">\r\n\t\r\n\t\tfunction do_resize(){\r\n\r\n\t\t\tvar width=jQuery( '.wpsm_panel .wpsm_panel-body iframe' ).width();\r\n\t\t\tvar height=jQuery( '.wpsm_panel .wpsm_panel-body iframe' ).height();\r\n\r\n\t\t\tvar toggleSize = true;\r\n\t\t\tjQuery('iframe').animate({\r\n\t\t\t    width: toggleSize ? width : 640,\r\n\t\t\t    height: toggleSize ? height : 360\r\n\t\t\t  }, 250);\r\n\r\n\t\t\t  toggleSize = !toggleSize;\r\n\t\t}\r\n\t\t\r\n<\/script>\t\n\n\n\n<p><\/p>\n\n\n\n<p><\/p>\n","protected":false},"excerpt":{"rendered":"<p>Tens algumas perguntas mais espec\u00edficas sobre este assunto? H\u00e1 algo mais, que n\u00e3o esteja aqui colocado, que queiras ver respondido? Fiz um pequeno resumo de algumas perguntas que considero importantes ver respondidas; por\u00e9m, est\u00e1s sempre \u00e0 vontade para entrares em contacto comigo se tiveres alguma outra d\u00favida<\/p>\n","protected":false},"author":1,"featured_media":394,"parent":0,"menu_order":0,"comment_status":"closed","ping_status":"closed","template":"","meta":{"footnotes":""},"class_list":["post-336","page","type-page","status-publish","has-post-thumbnail","hentry"],"yoast_head":"<!-- This site is optimized with the Yoast SEO plugin v27.3 - https:\/\/yoast.com\/product\/yoast-seo-wordpress\/ -->\n<title>FAQ - Doula Rita Faleiro<\/title>\n<meta name=\"robots\" content=\"index, follow, max-snippet:-1, max-image-preview:large, max-video-preview:-1\" \/>\n<link rel=\"canonical\" href=\"https:\/\/www.doularitafaleiro.pt\/index.php\/faq\/\" \/>\n<meta property=\"og:locale\" content=\"pt_PT\" \/>\n<meta property=\"og:type\" content=\"article\" \/>\n<meta property=\"og:title\" content=\"FAQ - Doula Rita Faleiro\" \/>\n<meta property=\"og:description\" content=\"Tens algumas perguntas mais espec\u00edficas sobre este assunto? H\u00e1 algo mais, que n\u00e3o esteja aqui colocado, que queiras ver respondido? Fiz um pequeno resumo de algumas perguntas que considero importantes ver respondidas; por\u00e9m, est\u00e1s sempre \u00e0 vontade para entrares em contacto comigo se tiveres alguma outra d\u00favida\" \/>\n<meta property=\"og:url\" content=\"https:\/\/www.doularitafaleiro.pt\/index.php\/faq\/\" \/>\n<meta property=\"og:site_name\" content=\"Doula Rita Faleiro\" \/>\n<meta property=\"article:modified_time\" content=\"2022-01-13T22:27:34+00:00\" \/>\n<meta property=\"og:image\" content=\"https:\/\/www.doularitafaleiro.pt\/wp-content\/uploads\/2022\/01\/Captura-de-ecra\u0303-2022-01-12-a\u0300s-15.27.59.png\" \/>\n\t<meta property=\"og:image:width\" content=\"838\" \/>\n\t<meta property=\"og:image:height\" content=\"774\" \/>\n\t<meta property=\"og:image:type\" content=\"image\/png\" \/>\n<meta name=\"twitter:card\" content=\"summary_large_image\" \/>\n<meta name=\"twitter:label1\" content=\"Tempo estimado de leitura\" \/>\n\t<meta name=\"twitter:data1\" content=\"1 minuto\" \/>\n<script type=\"application\/ld+json\" class=\"yoast-schema-graph\">{\"@context\":\"https:\\\/\\\/schema.org\",\"@graph\":[{\"@type\":[\"WebPage\",\"FAQPage\"],\"@id\":\"https:\\\/\\\/www.doularitafaleiro.pt\\\/index.php\\\/faq\\\/\",\"url\":\"https:\\\/\\\/www.doularitafaleiro.pt\\\/index.php\\\/faq\\\/\",\"name\":\"FAQ - Doula Rita Faleiro\",\"isPartOf\":{\"@id\":\"https:\\\/\\\/www.doularitafaleiro.pt\\\/#website\"},\"primaryImageOfPage\":{\"@id\":\"https:\\\/\\\/www.doularitafaleiro.pt\\\/index.php\\\/faq\\\/#primaryimage\"},\"image\":{\"@id\":\"https:\\\/\\\/www.doularitafaleiro.pt\\\/index.php\\\/faq\\\/#primaryimage\"},\"thumbnailUrl\":\"https:\\\/\\\/www.doularitafaleiro.pt\\\/wp-content\\\/uploads\\\/2022\\\/01\\\/Captura-de-ecra\u0303-2022-01-12-a\u0300s-15.27.59.png\",\"datePublished\":\"2022-01-12T14:42:26+00:00\",\"dateModified\":\"2022-01-13T22:27:34+00:00\",\"breadcrumb\":{\"@id\":\"https:\\\/\\\/www.doularitafaleiro.pt\\\/index.php\\\/faq\\\/#breadcrumb\"},\"inLanguage\":\"pt-PT\",\"potentialAction\":[{\"@type\":\"ReadAction\",\"target\":[\"https:\\\/\\\/www.doularitafaleiro.pt\\\/index.php\\\/faq\\\/\"]}]},{\"@type\":\"ImageObject\",\"inLanguage\":\"pt-PT\",\"@id\":\"https:\\\/\\\/www.doularitafaleiro.pt\\\/index.php\\\/faq\\\/#primaryimage\",\"url\":\"https:\\\/\\\/www.doularitafaleiro.pt\\\/wp-content\\\/uploads\\\/2022\\\/01\\\/Captura-de-ecra\u0303-2022-01-12-a\u0300s-15.27.59.png\",\"contentUrl\":\"https:\\\/\\\/www.doularitafaleiro.pt\\\/wp-content\\\/uploads\\\/2022\\\/01\\\/Captura-de-ecra\u0303-2022-01-12-a\u0300s-15.27.59.png\",\"width\":838,\"height\":774},{\"@type\":\"BreadcrumbList\",\"@id\":\"https:\\\/\\\/www.doularitafaleiro.pt\\\/index.php\\\/faq\\\/#breadcrumb\",\"itemListElement\":[{\"@type\":\"ListItem\",\"position\":1,\"name\":\"In\u00edcio\",\"item\":\"https:\\\/\\\/www.doularitafaleiro.pt\\\/\"},{\"@type\":\"ListItem\",\"position\":2,\"name\":\"FAQ\"}]},{\"@type\":\"WebSite\",\"@id\":\"https:\\\/\\\/www.doularitafaleiro.pt\\\/#website\",\"url\":\"https:\\\/\\\/www.doularitafaleiro.pt\\\/\",\"name\":\"Doula Rita Faleiro\",\"description\":\"\",\"potentialAction\":[{\"@type\":\"SearchAction\",\"target\":{\"@type\":\"EntryPoint\",\"urlTemplate\":\"https:\\\/\\\/www.doularitafaleiro.pt\\\/?s={search_term_string}\"},\"query-input\":{\"@type\":\"PropertyValueSpecification\",\"valueRequired\":true,\"valueName\":\"search_term_string\"}}],\"inLanguage\":\"pt-PT\"}]}<\/script>\n<!-- \/ Yoast SEO plugin. -->","yoast_head_json":{"title":"FAQ - Doula Rita Faleiro","robots":{"index":"index","follow":"follow","max-snippet":"max-snippet:-1","max-image-preview":"max-image-preview:large","max-video-preview":"max-video-preview:-1"},"canonical":"https:\/\/www.doularitafaleiro.pt\/index.php\/faq\/","og_locale":"pt_PT","og_type":"article","og_title":"FAQ - Doula Rita Faleiro","og_description":"Tens algumas perguntas mais espec\u00edficas sobre este assunto? H\u00e1 algo mais, que n\u00e3o esteja aqui colocado, que queiras ver respondido? Fiz um pequeno resumo de algumas perguntas que considero importantes ver respondidas; por\u00e9m, est\u00e1s sempre \u00e0 vontade para entrares em contacto comigo se tiveres alguma outra d\u00favida","og_url":"https:\/\/www.doularitafaleiro.pt\/index.php\/faq\/","og_site_name":"Doula Rita Faleiro","article_modified_time":"2022-01-13T22:27:34+00:00","og_image":[{"width":838,"height":774,"url":"https:\/\/www.doularitafaleiro.pt\/wp-content\/uploads\/2022\/01\/Captura-de-ecra\u0303-2022-01-12-a\u0300s-15.27.59.png","type":"image\/png"}],"twitter_card":"summary_large_image","twitter_misc":{"Tempo estimado de leitura":"1 minuto"},"schema":{"@context":"https:\/\/schema.org","@graph":[{"@type":["WebPage","FAQPage"],"@id":"https:\/\/www.doularitafaleiro.pt\/index.php\/faq\/","url":"https:\/\/www.doularitafaleiro.pt\/index.php\/faq\/","name":"FAQ - Doula Rita Faleiro","isPartOf":{"@id":"https:\/\/www.doularitafaleiro.pt\/#website"},"primaryImageOfPage":{"@id":"https:\/\/www.doularitafaleiro.pt\/index.php\/faq\/#primaryimage"},"image":{"@id":"https:\/\/www.doularitafaleiro.pt\/index.php\/faq\/#primaryimage"},"thumbnailUrl":"https:\/\/www.doularitafaleiro.pt\/wp-content\/uploads\/2022\/01\/Captura-de-ecra\u0303-2022-01-12-a\u0300s-15.27.59.png","datePublished":"2022-01-12T14:42:26+00:00","dateModified":"2022-01-13T22:27:34+00:00","breadcrumb":{"@id":"https:\/\/www.doularitafaleiro.pt\/index.php\/faq\/#breadcrumb"},"inLanguage":"pt-PT","potentialAction":[{"@type":"ReadAction","target":["https:\/\/www.doularitafaleiro.pt\/index.php\/faq\/"]}]},{"@type":"ImageObject","inLanguage":"pt-PT","@id":"https:\/\/www.doularitafaleiro.pt\/index.php\/faq\/#primaryimage","url":"https:\/\/www.doularitafaleiro.pt\/wp-content\/uploads\/2022\/01\/Captura-de-ecra\u0303-2022-01-12-a\u0300s-15.27.59.png","contentUrl":"https:\/\/www.doularitafaleiro.pt\/wp-content\/uploads\/2022\/01\/Captura-de-ecra\u0303-2022-01-12-a\u0300s-15.27.59.png","width":838,"height":774},{"@type":"BreadcrumbList","@id":"https:\/\/www.doularitafaleiro.pt\/index.php\/faq\/#breadcrumb","itemListElement":[{"@type":"ListItem","position":1,"name":"In\u00edcio","item":"https:\/\/www.doularitafaleiro.pt\/"},{"@type":"ListItem","position":2,"name":"FAQ"}]},{"@type":"WebSite","@id":"https:\/\/www.doularitafaleiro.pt\/#website","url":"https:\/\/www.doularitafaleiro.pt\/","name":"Doula Rita Faleiro","description":"","potentialAction":[{"@type":"SearchAction","target":{"@type":"EntryPoint","urlTemplate":"https:\/\/www.doularitafaleiro.pt\/?s={search_term_string}"},"query-input":{"@type":"PropertyValueSpecification","valueRequired":true,"valueName":"search_term_string"}}],"inLanguage":"pt-PT"}]}},"_links":{"self":[{"href":"https:\/\/www.doularitafaleiro.pt\/index.php\/wp-json\/wp\/v2\/pages\/336","targetHints":{"allow":["GET"]}}],"collection":[{"href":"https:\/\/www.doularitafaleiro.pt\/index.php\/wp-json\/wp\/v2\/pages"}],"about":[{"href":"https:\/\/www.doularitafaleiro.pt\/index.php\/wp-json\/wp\/v2\/types\/page"}],"author":[{"embeddable":true,"href":"https:\/\/www.doularitafaleiro.pt\/index.php\/wp-json\/wp\/v2\/users\/1"}],"replies":[{"embeddable":true,"href":"https:\/\/www.doularitafaleiro.pt\/index.php\/wp-json\/wp\/v2\/comments?post=336"}],"version-history":[{"count":7,"href":"https:\/\/www.doularitafaleiro.pt\/index.php\/wp-json\/wp\/v2\/pages\/336\/revisions"}],"predecessor-version":[{"id":456,"href":"https:\/\/www.doularitafaleiro.pt\/index.php\/wp-json\/wp\/v2\/pages\/336\/revisions\/456"}],"wp:featuredmedia":[{"embeddable":true,"href":"https:\/\/www.doularitafaleiro.pt\/index.php\/wp-json\/wp\/v2\/media\/394"}],"wp:attachment":[{"href":"https:\/\/www.doularitafaleiro.pt\/index.php\/wp-json\/wp\/v2\/media?parent=336"}],"curies":[{"name":"wp","href":"https:\/\/api.w.org\/{rel}","templated":true}]}}