{"id":30,"date":"2022-01-06T19:15:07","date_gmt":"2022-01-06T19:15:07","guid":{"rendered":"https:\/\/electronicos.webhs.org\/doularitafaleiro\/?page_id=30"},"modified":"2022-01-13T19:29:11","modified_gmt":"2022-01-13T19:29:11","slug":"contacto","status":"publish","type":"page","link":"https:\/\/www.doularitafaleiro.pt\/index.php\/contacto\/","title":{"rendered":"Contacto"},"content":{"rendered":"\n<p><\/p>\n\n\n\n<div class=\"wp-block-image is-style-rounded\"><figure class=\"alignleft size-full is-resized\"><img loading=\"lazy\" decoding=\"async\" src=\"https:\/\/electronicos.webhs.org\/doularitafaleiro\/wp-content\/uploads\/2022\/01\/271130395_10224599005196090_6128105258915723699_n-edited.jpeg\" alt=\"\" class=\"wp-image-232\" width=\"314\" height=\"313\" srcset=\"https:\/\/www.doularitafaleiro.pt\/wp-content\/uploads\/2022\/01\/271130395_10224599005196090_6128105258915723699_n-edited.jpeg 619w, https:\/\/www.doularitafaleiro.pt\/wp-content\/uploads\/2022\/01\/271130395_10224599005196090_6128105258915723699_n-edited-300x300.jpeg 300w, https:\/\/www.doularitafaleiro.pt\/wp-content\/uploads\/2022\/01\/271130395_10224599005196090_6128105258915723699_n-edited-150x150.jpeg 150w, https:\/\/www.doularitafaleiro.pt\/wp-content\/uploads\/2022\/01\/271130395_10224599005196090_6128105258915723699_n-edited-600x598.jpeg 600w\" sizes=\"auto, (max-width: 314px) 100vw, 314px\" \/><\/figure><\/div>\n\n\n\n<p>Tens v\u00e1rias alternativas para me contactares, caso tenhas ficado com alguma d\u00favida, ou caso queiras construir algum pacote personalizado.<\/p>\n\n\n\n<p>Podes tamb\u00e9m utilizar estes meios se quiseres marcar uma primeira sess\u00e3o para nos conhecermos e perceberes se sou a doula indicada para ti. <\/p>\n\n\n\n<p><\/p>\n\n\n\n<p><strong>E-mail<\/strong> doularitafaleiro@gmail.com<\/p>\n\n\n\n<p><strong>Telefone\/Whatsapp<\/strong> +351 910 931 772<\/p>\n\n\n\n<p><strong>Instagram<\/strong> https:\/\/www.instagram.com\/doularitafaleiro\/<\/p>\n\n\n\n<p><strong>Facebook<\/strong> https:\/\/www.facebook.com\/doularitafaleiro<\/p>\n\n\n\n<p><\/p>\n\n\n\n<p><\/p>\n\n\n\n<p>Se preferires, podes utilizar o seguinte <strong>formul\u00e1rio de contacto<\/strong>:<\/p>\n\n\n\n<div class=\"wpcf7 no-js\" id=\"wpcf7-f253-o1\" lang=\"pt-PT\" dir=\"ltr\" data-wpcf7-id=\"253\">\n<div class=\"screen-reader-response\"><p role=\"status\" aria-live=\"polite\" aria-atomic=\"true\"><\/p> <ul><\/ul><\/div>\n<form action=\"\/index.php\/wp-json\/wp\/v2\/pages\/30#wpcf7-f253-o1\" method=\"post\" class=\"wpcf7-form init\" aria-label=\"Formul\u00e1rio de contacto\" novalidate=\"novalidate\" data-status=\"init\">\n<fieldset class=\"hidden-fields-container\"><input type=\"hidden\" name=\"_wpcf7\" value=\"253\" \/><input type=\"hidden\" name=\"_wpcf7_version\" value=\"6.1.5\" \/><input type=\"hidden\" name=\"_wpcf7_locale\" value=\"pt_PT\" \/><input type=\"hidden\" name=\"_wpcf7_unit_tag\" value=\"wpcf7-f253-o1\" \/><input type=\"hidden\" name=\"_wpcf7_container_post\" value=\"0\" \/><input type=\"hidden\" name=\"_wpcf7_posted_data_hash\" value=\"\" \/>\n<\/fieldset>\n<p><label> O teu nome<br \/>\n<span class=\"wpcf7-form-control-wrap\" data-name=\"your-name\"><input size=\"40\" maxlength=\"400\" class=\"wpcf7-form-control wpcf7-text wpcf7-validates-as-required\" aria-required=\"true\" aria-invalid=\"false\" value=\"\" type=\"text\" name=\"your-name\" \/><\/span> <\/label>\n<\/p>\n<p><label> O teu email<br \/>\n<span class=\"wpcf7-form-control-wrap\" data-name=\"your-email\"><input size=\"40\" maxlength=\"400\" class=\"wpcf7-form-control wpcf7-email wpcf7-validates-as-required wpcf7-text wpcf7-validates-as-email\" aria-required=\"true\" aria-invalid=\"false\" value=\"\" type=\"email\" name=\"your-email\" \/><\/span> <\/label>\n<\/p>\n<p><label> Assunto<br \/>\n<span class=\"wpcf7-form-control-wrap\" data-name=\"your-subject\"><input size=\"40\" maxlength=\"400\" class=\"wpcf7-form-control wpcf7-text wpcf7-validates-as-required\" aria-required=\"true\" aria-invalid=\"false\" value=\"\" type=\"text\" name=\"your-subject\" \/><\/span> <\/label>\n<\/p>\n<p><label> Mensagem<br \/>\n<span class=\"wpcf7-form-control-wrap\" data-name=\"your-message\"><textarea cols=\"40\" rows=\"10\" maxlength=\"2000\" class=\"wpcf7-form-control wpcf7-textarea wpcf7-validates-as-required\" aria-required=\"true\" aria-invalid=\"false\" name=\"your-message\"><\/textarea><\/span> <\/label>\n<\/p>\n<p><span class=\"wpcf7-form-control-wrap\" data-name=\"quiz-940\"><label><span class=\"wpcf7-quiz-label\">2+4=?<\/span> <input size=\"40\" class=\"wpcf7-form-control wpcf7-quiz\" autocomplete=\"off\" aria-required=\"true\" aria-invalid=\"false\" type=\"text\" name=\"quiz-940\" \/><\/label><input type=\"hidden\" name=\"_wpcf7_quiz_answer_quiz-940\" value=\"ac84b7b6c971630899101ed1cf5130c5\" \/><\/span>\n<\/p>\n<p><input class=\"wpcf7-form-control wpcf7-submit has-spinner\" type=\"submit\" value=\"Submit\" \/>\n<\/p><div class=\"wpcf7-response-output\" aria-hidden=\"true\"><\/div>\n<\/form>\n<\/div>\n\n","protected":false},"excerpt":{"rendered":"<p>Tens v\u00e1rias alternativas para me contactares, caso tenhas ficado com alguma d\u00favida, ou caso queiras construir algum pacote personalizado. Podes tamb\u00e9m utilizar estes meios se quiseres marcar uma primeira sess\u00e3o para nos conhecermos e perceberes se sou a doula indicada para ti. E-mail doularitafaleiro@gmail.com Telefone\/Whatsapp +351 910 931 772 Instagram https:\/\/www.instagram.com\/doularitafaleiro\/ Facebook https:\/\/www.facebook.com\/doularitafaleiro Se preferires, [&hellip;]<\/p>\n","protected":false},"author":1,"featured_media":132,"parent":0,"menu_order":0,"comment_status":"closed","ping_status":"closed","template":"","meta":{"footnotes":""},"class_list":["post-30","page","type-page","status-publish","has-post-thumbnail","hentry"],"yoast_head":"<!-- This site is optimized with the Yoast SEO plugin v27.4 - https:\/\/yoast.com\/product\/yoast-seo-wordpress\/ -->\n<title>Contacto - Doula Rita Faleiro<\/title>\n<meta name=\"robots\" content=\"index, follow, max-snippet:-1, max-image-preview:large, max-video-preview:-1\" \/>\n<link rel=\"canonical\" href=\"https:\/\/www.doularitafaleiro.pt\/index.php\/contacto\/\" \/>\n<meta property=\"og:locale\" content=\"pt_PT\" \/>\n<meta property=\"og:type\" content=\"article\" \/>\n<meta property=\"og:title\" content=\"Contacto - Doula Rita Faleiro\" \/>\n<meta property=\"og:description\" content=\"Tens v\u00e1rias alternativas para me contactares, caso tenhas ficado com alguma d\u00favida, ou caso queiras construir algum pacote personalizado. Podes tamb\u00e9m utilizar estes meios se quiseres marcar uma primeira sess\u00e3o para nos conhecermos e perceberes se sou a doula indicada para ti. E-mail doularitafaleiro@gmail.com Telefone\/Whatsapp +351 910 931 772 Instagram https:\/\/www.instagram.com\/doularitafaleiro\/ Facebook https:\/\/www.facebook.com\/doularitafaleiro Se preferires, [&hellip;]\" \/>\n<meta property=\"og:url\" content=\"https:\/\/www.doularitafaleiro.pt\/index.php\/contacto\/\" \/>\n<meta property=\"og:site_name\" content=\"Doula Rita Faleiro\" \/>\n<meta property=\"article:modified_time\" content=\"2022-01-13T19:29:11+00:00\" \/>\n<meta property=\"og:image\" content=\"https:\/\/www.doularitafaleiro.pt\/wp-content\/uploads\/2022\/01\/85d3644641991a9cb4df5cd2097ca53f.jpeg\" \/>\n\t<meta property=\"og:image:width\" content=\"564\" \/>\n\t<meta property=\"og:image:height\" content=\"946\" \/>\n\t<meta property=\"og:image:type\" content=\"image\/jpeg\" \/>\n<meta name=\"twitter:card\" content=\"summary_large_image\" \/>\n<meta name=\"twitter:label1\" content=\"Tempo estimado de leitura\" \/>\n\t<meta name=\"twitter:data1\" content=\"1 minuto\" \/>\n<script type=\"application\/ld+json\" class=\"yoast-schema-graph\">{\"@context\":\"https:\\\/\\\/schema.org\",\"@graph\":[{\"@type\":\"WebPage\",\"@id\":\"https:\\\/\\\/www.doularitafaleiro.pt\\\/index.php\\\/contacto\\\/\",\"url\":\"https:\\\/\\\/www.doularitafaleiro.pt\\\/index.php\\\/contacto\\\/\",\"name\":\"Contacto - Doula Rita Faleiro\",\"isPartOf\":{\"@id\":\"https:\\\/\\\/www.doularitafaleiro.pt\\\/#website\"},\"primaryImageOfPage\":{\"@id\":\"https:\\\/\\\/www.doularitafaleiro.pt\\\/index.php\\\/contacto\\\/#primaryimage\"},\"image\":{\"@id\":\"https:\\\/\\\/www.doularitafaleiro.pt\\\/index.php\\\/contacto\\\/#primaryimage\"},\"thumbnailUrl\":\"https:\\\/\\\/www.doularitafaleiro.pt\\\/wp-content\\\/uploads\\\/2022\\\/01\\\/85d3644641991a9cb4df5cd2097ca53f.jpeg\",\"datePublished\":\"2022-01-06T19:15:07+00:00\",\"dateModified\":\"2022-01-13T19:29:11+00:00\",\"breadcrumb\":{\"@id\":\"https:\\\/\\\/www.doularitafaleiro.pt\\\/index.php\\\/contacto\\\/#breadcrumb\"},\"inLanguage\":\"pt-PT\",\"potentialAction\":[{\"@type\":\"ReadAction\",\"target\":[\"https:\\\/\\\/www.doularitafaleiro.pt\\\/index.php\\\/contacto\\\/\"]}]},{\"@type\":\"ImageObject\",\"inLanguage\":\"pt-PT\",\"@id\":\"https:\\\/\\\/www.doularitafaleiro.pt\\\/index.php\\\/contacto\\\/#primaryimage\",\"url\":\"https:\\\/\\\/www.doularitafaleiro.pt\\\/wp-content\\\/uploads\\\/2022\\\/01\\\/85d3644641991a9cb4df5cd2097ca53f.jpeg\",\"contentUrl\":\"https:\\\/\\\/www.doularitafaleiro.pt\\\/wp-content\\\/uploads\\\/2022\\\/01\\\/85d3644641991a9cb4df5cd2097ca53f.jpeg\",\"width\":564,\"height\":946},{\"@type\":\"BreadcrumbList\",\"@id\":\"https:\\\/\\\/www.doularitafaleiro.pt\\\/index.php\\\/contacto\\\/#breadcrumb\",\"itemListElement\":[{\"@type\":\"ListItem\",\"position\":1,\"name\":\"In\u00edcio\",\"item\":\"https:\\\/\\\/www.doularitafaleiro.pt\\\/\"},{\"@type\":\"ListItem\",\"position\":2,\"name\":\"Contacto\"}]},{\"@type\":\"WebSite\",\"@id\":\"https:\\\/\\\/www.doularitafaleiro.pt\\\/#website\",\"url\":\"https:\\\/\\\/www.doularitafaleiro.pt\\\/\",\"name\":\"Doula Rita Faleiro\",\"description\":\"\",\"potentialAction\":[{\"@type\":\"SearchAction\",\"target\":{\"@type\":\"EntryPoint\",\"urlTemplate\":\"https:\\\/\\\/www.doularitafaleiro.pt\\\/?s={search_term_string}\"},\"query-input\":{\"@type\":\"PropertyValueSpecification\",\"valueRequired\":true,\"valueName\":\"search_term_string\"}}],\"inLanguage\":\"pt-PT\"}]}<\/script>\n<!-- \/ Yoast SEO plugin. -->","yoast_head_json":{"title":"Contacto - Doula Rita Faleiro","robots":{"index":"index","follow":"follow","max-snippet":"max-snippet:-1","max-image-preview":"max-image-preview:large","max-video-preview":"max-video-preview:-1"},"canonical":"https:\/\/www.doularitafaleiro.pt\/index.php\/contacto\/","og_locale":"pt_PT","og_type":"article","og_title":"Contacto - Doula Rita Faleiro","og_description":"Tens v\u00e1rias alternativas para me contactares, caso tenhas ficado com alguma d\u00favida, ou caso queiras construir algum pacote personalizado. Podes tamb\u00e9m utilizar estes meios se quiseres marcar uma primeira sess\u00e3o para nos conhecermos e perceberes se sou a doula indicada para ti. E-mail doularitafaleiro@gmail.com Telefone\/Whatsapp +351 910 931 772 Instagram https:\/\/www.instagram.com\/doularitafaleiro\/ Facebook https:\/\/www.facebook.com\/doularitafaleiro Se preferires, [&hellip;]","og_url":"https:\/\/www.doularitafaleiro.pt\/index.php\/contacto\/","og_site_name":"Doula Rita Faleiro","article_modified_time":"2022-01-13T19:29:11+00:00","og_image":[{"width":564,"height":946,"url":"https:\/\/www.doularitafaleiro.pt\/wp-content\/uploads\/2022\/01\/85d3644641991a9cb4df5cd2097ca53f.jpeg","type":"image\/jpeg"}],"twitter_card":"summary_large_image","twitter_misc":{"Tempo estimado de leitura":"1 minuto"},"schema":{"@context":"https:\/\/schema.org","@graph":[{"@type":"WebPage","@id":"https:\/\/www.doularitafaleiro.pt\/index.php\/contacto\/","url":"https:\/\/www.doularitafaleiro.pt\/index.php\/contacto\/","name":"Contacto - Doula Rita Faleiro","isPartOf":{"@id":"https:\/\/www.doularitafaleiro.pt\/#website"},"primaryImageOfPage":{"@id":"https:\/\/www.doularitafaleiro.pt\/index.php\/contacto\/#primaryimage"},"image":{"@id":"https:\/\/www.doularitafaleiro.pt\/index.php\/contacto\/#primaryimage"},"thumbnailUrl":"https:\/\/www.doularitafaleiro.pt\/wp-content\/uploads\/2022\/01\/85d3644641991a9cb4df5cd2097ca53f.jpeg","datePublished":"2022-01-06T19:15:07+00:00","dateModified":"2022-01-13T19:29:11+00:00","breadcrumb":{"@id":"https:\/\/www.doularitafaleiro.pt\/index.php\/contacto\/#breadcrumb"},"inLanguage":"pt-PT","potentialAction":[{"@type":"ReadAction","target":["https:\/\/www.doularitafaleiro.pt\/index.php\/contacto\/"]}]},{"@type":"ImageObject","inLanguage":"pt-PT","@id":"https:\/\/www.doularitafaleiro.pt\/index.php\/contacto\/#primaryimage","url":"https:\/\/www.doularitafaleiro.pt\/wp-content\/uploads\/2022\/01\/85d3644641991a9cb4df5cd2097ca53f.jpeg","contentUrl":"https:\/\/www.doularitafaleiro.pt\/wp-content\/uploads\/2022\/01\/85d3644641991a9cb4df5cd2097ca53f.jpeg","width":564,"height":946},{"@type":"BreadcrumbList","@id":"https:\/\/www.doularitafaleiro.pt\/index.php\/contacto\/#breadcrumb","itemListElement":[{"@type":"ListItem","position":1,"name":"In\u00edcio","item":"https:\/\/www.doularitafaleiro.pt\/"},{"@type":"ListItem","position":2,"name":"Contacto"}]},{"@type":"WebSite","@id":"https:\/\/www.doularitafaleiro.pt\/#website","url":"https:\/\/www.doularitafaleiro.pt\/","name":"Doula Rita Faleiro","description":"","potentialAction":[{"@type":"SearchAction","target":{"@type":"EntryPoint","urlTemplate":"https:\/\/www.doularitafaleiro.pt\/?s={search_term_string}"},"query-input":{"@type":"PropertyValueSpecification","valueRequired":true,"valueName":"search_term_string"}}],"inLanguage":"pt-PT"}]}},"_links":{"self":[{"href":"https:\/\/www.doularitafaleiro.pt\/index.php\/wp-json\/wp\/v2\/pages\/30","targetHints":{"allow":["GET"]}}],"collection":[{"href":"https:\/\/www.doularitafaleiro.pt\/index.php\/wp-json\/wp\/v2\/pages"}],"about":[{"href":"https:\/\/www.doularitafaleiro.pt\/index.php\/wp-json\/wp\/v2\/types\/page"}],"author":[{"embeddable":true,"href":"https:\/\/www.doularitafaleiro.pt\/index.php\/wp-json\/wp\/v2\/users\/1"}],"replies":[{"embeddable":true,"href":"https:\/\/www.doularitafaleiro.pt\/index.php\/wp-json\/wp\/v2\/comments?post=30"}],"version-history":[{"count":14,"href":"https:\/\/www.doularitafaleiro.pt\/index.php\/wp-json\/wp\/v2\/pages\/30\/revisions"}],"predecessor-version":[{"id":266,"href":"https:\/\/www.doularitafaleiro.pt\/index.php\/wp-json\/wp\/v2\/pages\/30\/revisions\/266"}],"wp:featuredmedia":[{"embeddable":true,"href":"https:\/\/www.doularitafaleiro.pt\/index.php\/wp-json\/wp\/v2\/media\/132"}],"wp:attachment":[{"href":"https:\/\/www.doularitafaleiro.pt\/index.php\/wp-json\/wp\/v2\/media?parent=30"}],"curies":[{"name":"wp","href":"https:\/\/api.w.org\/{rel}","templated":true}]}}